{"id":3249,"date":"2020-12-01T13:12:50","date_gmt":"2020-12-01T12:12:50","guid":{"rendered":"https:\/\/augustine.qodeinteractive.com\/?page_id=3249"},"modified":"2025-04-22T16:36:15","modified_gmt":"2025-04-22T14:36:15","slug":"storia","status":"publish","type":"page","link":"https:\/\/hotel-ascona.ch\/it\/storia\/","title":{"rendered":"Storia"},"content":{"rendered":"\t\t<div data-elementor-type=\"wp-page\" data-elementor-id=\"3249\" class=\"elementor elementor-3249\" data-elementor-post-type=\"page\">\n\t\t\t\t\t\t<section class=\"elementor-section elementor-top-section elementor-element elementor-element-278ebab3 elementor-section-full_width elementor-section-height-default elementor-section-height-default qodef-elementor-content-no\" data-id=\"278ebab3\" data-element_type=\"section\" data-e-type=\"section\">\n\t\t\t\t\t\t<div class=\"elementor-container elementor-column-gap-default\">\n\t\t\t\t\t<div class=\"elementor-column elementor-col-50 elementor-top-column elementor-element elementor-element-39eb0c27\" data-id=\"39eb0c27\" data-element_type=\"column\" data-e-type=\"column\">\n\t\t\t<div class=\"elementor-widget-wrap elementor-element-populated\">\n\t\t\t\t\t\t<div class=\"elementor-element elementor-element-70eb175 elementor-widget elementor-widget-heading\" data-id=\"70eb175\" data-element_type=\"widget\" data-e-type=\"widget\" data-widget_type=\"heading.default\">\n\t\t\t\t<div class=\"elementor-widget-container\">\n\t\t\t\t\t<h1 class=\"elementor-heading-title elementor-size-default\">Chi siamo<\/h1>\t\t\t\t<\/div>\n\t\t\t\t<\/div>\n\t\t\t\t<div class=\"elementor-element elementor-element-4792c852 elementor-widget__width-initial elementor-widget-tablet__width-inherit elementor-widget elementor-widget-text-editor\" data-id=\"4792c852\" data-element_type=\"widget\" data-e-type=\"widget\" data-widget_type=\"text-editor.default\">\n\t\t\t\t<div class=\"elementor-widget-container\">\n\t\t\t\t\t\t\t\t\tLa storia dell\u2019Hotel Ascona dal 1906 \t\t\t\t\t\t\t\t<\/div>\n\t\t\t\t<\/div>\n\t\t\t\t<div class=\"elementor-element elementor-element-152713a2 elementor-widget-tablet__width-inherit elementor-widget elementor-widget-text-editor\" data-id=\"152713a2\" data-element_type=\"widget\" data-e-type=\"widget\" data-widget_type=\"text-editor.default\">\n\t\t\t\t<div class=\"elementor-widget-container\">\n\t\t\t\t\t\t\t\t\t<p>Da 116 anni l\u2019Hotel Ascona regala ai propri ospiti esperienze uniche in uno dei luoghi pi\u00f9 affascinanti a Sud della Svizzera e d\u2019Europa. Dal momento della prenotazione fino al giorno del check-out siamo sempre disponibili per ogni richiesta ed esigenza.<\/p><p>I nostri servizi personalizzabili vi permetteranno di trascorrere un soggiorno appagante, plasmato sulle vostre richieste e su quelle dei vostri accompagnatori.<\/p><h5>Le origini<\/h5><p>Vladimir Strastrakaba (1852-1934), ungherese ammiratore del pensiero di Lev Tolstoj, arriva Monte Verit\u00e0 nel 1906 ma ben presto se ne allontana per fondare la Pensione Mirtillo nello stabile che nel 1938 si trasform\u00f2 nell\u2019Hotel Ascona.<\/p><p>Si suppone che Strastrakaba, padre di famiglia dalla numerosa prole, fosse poco attirato dalla libert\u00e0 che vigeva presso la comune alternativa di Monte Verit\u00e0 e se ne sia allontanato per aprire una sua comunit\u00e0, pi\u00f9 consona alle proprie esigenze morali. La Pensione Mirtillo serviva piatti strettamente vegetariani e aveva un codice di condotta formato da 12 comandamenti che terminavano cos\u00ec: \u201cNella Famiglia del Mirtillo devi sentirti come a casa tua, a tuo agio, soddisfatto, sano e bene (\u2026)\u201d.<\/p><p>All\u2019Hotel Ascona abbiamo mantenuto il prezioso motto del nostro predecessore come fonte d\u2019ispirazione. Ci prodighiamo ogni giorno per creare un\u2019atmosfera familiare e accogliente, per farvi sentire coccolati e a casa vostra.<\/p>\t\t\t\t\t\t\t\t<\/div>\n\t\t\t\t<\/div>\n\t\t\t\t<div class=\"elementor-element elementor-element-72779ccc elementor-widget elementor-widget-image\" data-id=\"72779ccc\" data-element_type=\"widget\" data-e-type=\"widget\" data-widget_type=\"image.default\">\n\t\t\t\t<div class=\"elementor-widget-container\">\n\t\t\t\t\t\t\t\t\t\t\t\t\t\t\t<img decoding=\"async\" width=\"1\" height=\"118\" src=\"https:\/\/hotel-ascona.ch\/wp-content\/uploads\/2020\/11\/Line-86.jpg\" class=\"attachment-large size-large wp-image-1430\" alt=\"\" \/>\t\t\t\t\t\t\t\t\t\t\t\t\t\t\t<\/div>\n\t\t\t\t<\/div>\n\t\t\t\t\t<\/div>\n\t\t<\/div>\n\t\t\t\t<div class=\"elementor-column elementor-col-50 elementor-top-column elementor-element elementor-element-57b746a5\" data-id=\"57b746a5\" data-element_type=\"column\" data-e-type=\"column\" data-settings=\"{&quot;background_background&quot;:&quot;classic&quot;}\">\n\t\t\t<div class=\"elementor-widget-wrap elementor-element-populated\">\n\t\t\t\t\t\t<div class=\"elementor-element elementor-element-2d4d5912 elementor-widget elementor-widget-spacer\" data-id=\"2d4d5912\" data-element_type=\"widget\" data-e-type=\"widget\" data-widget_type=\"spacer.default\">\n\t\t\t\t<div class=\"elementor-widget-container\">\n\t\t\t\t\t\t\t<div class=\"elementor-spacer\">\n\t\t\t<div class=\"elementor-spacer-inner\"><\/div>\n\t\t<\/div>\n\t\t\t\t\t\t<\/div>\n\t\t\t\t<\/div>\n\t\t\t\t\t<\/div>\n\t\t<\/div>\n\t\t\t\t\t<\/div>\n\t\t<\/section>\n\t\t\t\t<section class=\"elementor-section elementor-top-section elementor-element elementor-element-631643e6 elementor-section-full_width elementor-section-stretched elementor-section-height-default elementor-section-height-default qodef-elementor-content-no\" data-id=\"631643e6\" data-element_type=\"section\" data-e-type=\"section\" data-settings=\"{&quot;stretch_section&quot;:&quot;section-stretched&quot;}\">\n\t\t\t\t\t\t<div class=\"elementor-container elementor-column-gap-default\">\n\t\t\t\t\t<div class=\"elementor-column elementor-col-100 elementor-top-column elementor-element elementor-element-291299e2\" data-id=\"291299e2\" data-element_type=\"column\" data-e-type=\"column\">\n\t\t\t<div class=\"elementor-widget-wrap elementor-element-populated\">\n\t\t\t\t\t\t<div class=\"elementor-element elementor-element-75687de3 elementor-arrows-position-outside elementor-widget elementor-widget-image-carousel\" data-id=\"75687de3\" data-element_type=\"widget\" data-e-type=\"widget\" data-settings=\"{&quot;slides_to_show&quot;:&quot;3&quot;,&quot;slides_to_scroll&quot;:&quot;1&quot;,&quot;image_spacing_custom&quot;:{&quot;unit&quot;:&quot;px&quot;,&quot;size&quot;:15,&quot;sizes&quot;:[]},&quot;navigation&quot;:&quot;arrows&quot;,&quot;autoplay&quot;:&quot;yes&quot;,&quot;pause_on_hover&quot;:&quot;yes&quot;,&quot;pause_on_interaction&quot;:&quot;yes&quot;,&quot;autoplay_speed&quot;:5000,&quot;infinite&quot;:&quot;yes&quot;,&quot;speed&quot;:500,&quot;image_spacing_custom_tablet&quot;:{&quot;unit&quot;:&quot;px&quot;,&quot;size&quot;:&quot;&quot;,&quot;sizes&quot;:[]},&quot;image_spacing_custom_mobile&quot;:{&quot;unit&quot;:&quot;px&quot;,&quot;size&quot;:&quot;&quot;,&quot;sizes&quot;:[]}}\" data-widget_type=\"image-carousel.default\">\n\t\t\t\t<div class=\"elementor-widget-container\">\n\t\t\t\t\t\t\t<div class=\"elementor-image-carousel-wrapper swiper\" role=\"region\" aria-roledescription=\"carousel\" aria-label=\"Carosello d&#039;immagini\" dir=\"ltr\">\n\t\t\t<div class=\"elementor-image-carousel swiper-wrapper\" aria-live=\"off\">\n\t\t\t\t\t\t\t\t<div class=\"swiper-slide\" role=\"group\" aria-roledescription=\"slide\" aria-label=\"1 di 6\"><figure class=\"swiper-slide-inner\"><img decoding=\"async\" class=\"swiper-slide-image\" src=\"https:\/\/hotel-ascona.ch\/wp-content\/uploads\/2022\/11\/hotel-ascona-storia-disegno.jpg\" alt=\"hotel-ascona-storia-disegno\" \/><\/figure><\/div><div class=\"swiper-slide\" role=\"group\" aria-roledescription=\"slide\" aria-label=\"2 di 6\"><figure class=\"swiper-slide-inner\"><img decoding=\"async\" class=\"swiper-slide-image\" src=\"https:\/\/hotel-ascona.ch\/wp-content\/uploads\/2022\/02\/hotel-ascona-storia-vintage-gallery-01.jpg\" alt=\"hotel-ascona-storia-vintage-gallery-01\" \/><\/figure><\/div><div class=\"swiper-slide\" role=\"group\" aria-roledescription=\"slide\" aria-label=\"3 di 6\"><figure class=\"swiper-slide-inner\"><img decoding=\"async\" class=\"swiper-slide-image\" src=\"https:\/\/hotel-ascona.ch\/wp-content\/uploads\/2022\/02\/hotel-ascona-storia-vintage-gallery-02.jpg\" alt=\"hotel-ascona-storia-vintage-gallery-02\" \/><\/figure><\/div><div class=\"swiper-slide\" role=\"group\" aria-roledescription=\"slide\" aria-label=\"4 di 6\"><figure class=\"swiper-slide-inner\"><img decoding=\"async\" class=\"swiper-slide-image\" src=\"https:\/\/hotel-ascona.ch\/wp-content\/uploads\/2022\/02\/hotel-ascona-storia-vintage-gallery-03.jpg\" alt=\"hotel-ascona-storia-vintage-gallery-03\" \/><\/figure><\/div><div class=\"swiper-slide\" role=\"group\" aria-roledescription=\"slide\" aria-label=\"5 di 6\"><figure class=\"swiper-slide-inner\"><img decoding=\"async\" class=\"swiper-slide-image\" src=\"https:\/\/hotel-ascona.ch\/wp-content\/uploads\/2022\/02\/hotel-ascona-storia-vintage-gallery-04.jpg\" alt=\"hotel-ascona-storia-vintage-gallery-04\" \/><\/figure><\/div><div class=\"swiper-slide\" role=\"group\" aria-roledescription=\"slide\" aria-label=\"6 di 6\"><figure class=\"swiper-slide-inner\"><img decoding=\"async\" class=\"swiper-slide-image\" src=\"https:\/\/hotel-ascona.ch\/wp-content\/uploads\/2022\/02\/hotel-ascona-storia-vintage-gallery-06.jpg\" alt=\"hotel-ascona-storia-vintage-gallery-06\" \/><\/figure><\/div>\t\t\t<\/div>\n\t\t\t\t\t\t\t\t\t\t\t\t<div class=\"elementor-swiper-button elementor-swiper-button-prev\" role=\"button\" tabindex=\"0\">\n\t\t\t\t\t\t<i aria-hidden=\"true\" class=\"eicon-chevron-left\"><\/i>\t\t\t\t\t<\/div>\n\t\t\t\t\t<div class=\"elementor-swiper-button elementor-swiper-button-next\" role=\"button\" tabindex=\"0\">\n\t\t\t\t\t\t<i aria-hidden=\"true\" class=\"eicon-chevron-right\"><\/i>\t\t\t\t\t<\/div>\n\t\t\t\t\n\t\t\t\t\t\t\t\t\t<\/div>\n\t\t\t\t\t\t<\/div>\n\t\t\t\t<\/div>\n\t\t\t\t\t<\/div>\n\t\t<\/div>\n\t\t\t\t\t<\/div>\n\t\t<\/section>\n\t\t\t\t<section class=\"elementor-section elementor-top-section elementor-element elementor-element-b32d91e elementor-section-boxed elementor-section-height-default elementor-section-height-default qodef-elementor-content-no\" data-id=\"b32d91e\" data-element_type=\"section\" data-e-type=\"section\">\n\t\t\t\t\t\t<div class=\"elementor-container elementor-column-gap-no\">\n\t\t\t\t\t<div class=\"elementor-column elementor-col-50 elementor-top-column elementor-element elementor-element-461486f3\" data-id=\"461486f3\" data-element_type=\"column\" data-e-type=\"column\" data-settings=\"{&quot;background_background&quot;:&quot;classic&quot;}\">\n\t\t\t<div class=\"elementor-widget-wrap elementor-element-populated\">\n\t\t\t\t\t\t<div class=\"elementor-element elementor-element-6b502eba elementor-widget elementor-widget-menu-anchor\" data-id=\"6b502eba\" data-element_type=\"widget\" data-e-type=\"widget\" data-widget_type=\"menu-anchor.default\">\n\t\t\t\t<div class=\"elementor-widget-container\">\n\t\t\t\t\t\t\t<div class=\"elementor-menu-anchor\" id=\"servizi-banchetti-matrimoni\"><\/div>\n\t\t\t\t\t\t<\/div>\n\t\t\t\t<\/div>\n\t\t\t\t<div class=\"elementor-element elementor-element-4b05797a elementor-widget elementor-widget-spacer\" data-id=\"4b05797a\" data-element_type=\"widget\" data-e-type=\"widget\" data-widget_type=\"spacer.default\">\n\t\t\t\t<div class=\"elementor-widget-container\">\n\t\t\t\t\t\t\t<div class=\"elementor-spacer\">\n\t\t\t<div class=\"elementor-spacer-inner\"><\/div>\n\t\t<\/div>\n\t\t\t\t\t\t<\/div>\n\t\t\t\t<\/div>\n\t\t\t\t\t<\/div>\n\t\t<\/div>\n\t\t\t\t<div class=\"elementor-column elementor-col-50 elementor-top-column elementor-element elementor-element-50b69b51\" data-id=\"50b69b51\" data-element_type=\"column\" data-e-type=\"column\">\n\t\t\t<div class=\"elementor-widget-wrap elementor-element-populated\">\n\t\t\t\t\t\t<div class=\"elementor-element elementor-element-ecbfc3d elementor-widget elementor-widget-image\" data-id=\"ecbfc3d\" data-element_type=\"widget\" data-e-type=\"widget\" data-widget_type=\"image.default\">\n\t\t\t\t<div class=\"elementor-widget-container\">\n\t\t\t\t\t\t\t\t\t\t\t\t\t\t\t<img decoding=\"async\" width=\"1\" height=\"118\" src=\"https:\/\/hotel-ascona.ch\/wp-content\/uploads\/2020\/11\/Line-86.jpg\" class=\"attachment-large size-large wp-image-1430\" alt=\"\" \/>\t\t\t\t\t\t\t\t\t\t\t\t\t\t\t<\/div>\n\t\t\t\t<\/div>\n\t\t\t\t<div class=\"elementor-element elementor-element-36d5c27f elementor-widget elementor-widget-heading\" data-id=\"36d5c27f\" data-element_type=\"widget\" data-e-type=\"widget\" data-widget_type=\"heading.default\">\n\t\t\t\t<div class=\"elementor-widget-container\">\n\t\t\t\t\t<h3 class=\"elementor-heading-title elementor-size-default\">Il presente<\/h3>\t\t\t\t<\/div>\n\t\t\t\t<\/div>\n\t\t\t\t<div class=\"elementor-element elementor-element-6fd9e700 elementor-widget elementor-widget-text-editor\" data-id=\"6fd9e700\" data-element_type=\"widget\" data-e-type=\"widget\" data-widget_type=\"text-editor.default\">\n\t\t\t\t<div class=\"elementor-widget-container\">\n\t\t\t\t\t\t\t\t\t<p>Il direttore Andrea Biasca-Caroni e sua moglie Greta rappresentano la terza generazione di una famiglia che ha sempre gestito e curato con amore la struttura.<\/p><p>L\u2019obiettivo \u00e8 regalare agli ospiti dell\u2019Hotel Ascona un\u2019esperienza unica e indimenticabile: tutto \u00e8 curato nei minimi dettagli per offrire il massimo del comfort e del benessere a chi sceglie di venire a trovarci. Vi aspettiamo con gioia.<\/p>\t\t\t\t\t\t\t\t<\/div>\n\t\t\t\t<\/div>\n\t\t\t\t\t<\/div>\n\t\t<\/div>\n\t\t\t\t\t<\/div>\n\t\t<\/section>\n\t\t\t\t<\/div>\n\t\t","protected":false},"excerpt":{"rendered":"<p>Chi siamo La storia dell\u2019Hotel Ascona dal 1906 Da 116 anni l\u2019Hotel Ascona regala ai propri ospiti esperienze uniche in uno dei luoghi pi\u00f9 affascinanti a Sud della Svizzera e d\u2019Europa. Dal momento della prenotazione fino al giorno del check-out siamo sempre disponibili per ogni richiesta ed esigenza. I nostri servizi personalizzabili vi permetteranno di [&hellip;]<\/p>\n","protected":false},"author":2,"featured_media":0,"parent":0,"menu_order":0,"comment_status":"closed","ping_status":"closed","template":"","meta":{"footnotes":""},"class_list":["post-3249","page","type-page","status-publish","hentry"],"yoast_head":"<!-- This site is optimized with the Yoast SEO plugin v27.3 - https:\/\/yoast.com\/product\/yoast-seo-wordpress\/ -->\n<title>Storia | Hotel Ascona<\/title>\n<meta name=\"description\" content=\"Da 116 anni l\u2019Hotel Ascona regala ai propri ospiti esperienze uniche in uno dei luoghi pi\u00f9 affascinanti a Sud della Svizzera e d\u2019Europa.\" \/>\n<meta name=\"robots\" content=\"index, follow, max-snippet:-1, max-image-preview:large, max-video-preview:-1\" \/>\n<link rel=\"canonical\" href=\"https:\/\/hotel-ascona.ch\/it\/storia\/\" \/>\n<meta property=\"og:locale\" content=\"it_IT\" \/>\n<meta property=\"og:type\" content=\"article\" \/>\n<meta property=\"og:title\" content=\"Storia | Hotel Ascona\" \/>\n<meta property=\"og:description\" content=\"Da 116 anni l\u2019Hotel Ascona regala ai propri ospiti esperienze uniche in uno dei luoghi pi\u00f9 affascinanti a Sud della Svizzera e d\u2019Europa.\" \/>\n<meta property=\"og:url\" content=\"https:\/\/hotel-ascona.ch\/it\/storia\/\" \/>\n<meta property=\"og:site_name\" content=\"Hotel Ascona\" \/>\n<meta property=\"article:modified_time\" content=\"2025-04-22T14:36:15+00:00\" \/>\n<meta property=\"og:image\" content=\"https:\/\/hotel-ascona.ch\/wp-content\/uploads\/2020\/11\/Line-86.jpg\" \/>\n\t<meta property=\"og:image:width\" content=\"1\" \/>\n\t<meta property=\"og:image:height\" content=\"118\" \/>\n\t<meta property=\"og:image:type\" content=\"image\/jpeg\" \/>\n<meta name=\"twitter:card\" content=\"summary_large_image\" \/>\n<meta name=\"twitter:label1\" content=\"Tempo di lettura stimato\" \/>\n\t<meta name=\"twitter:data1\" content=\"5 minuti\" \/>\n<script type=\"application\/ld+json\" class=\"yoast-schema-graph\">{\"@context\":\"https:\\\/\\\/schema.org\",\"@graph\":[{\"@type\":\"WebPage\",\"@id\":\"https:\\\/\\\/hotel-ascona.ch\\\/it\\\/storia\\\/\",\"url\":\"https:\\\/\\\/hotel-ascona.ch\\\/it\\\/storia\\\/\",\"name\":\"Storia | Hotel Ascona\",\"isPartOf\":{\"@id\":\"https:\\\/\\\/hotel-ascona.ch\\\/it\\\/#website\"},\"primaryImageOfPage\":{\"@id\":\"https:\\\/\\\/hotel-ascona.ch\\\/it\\\/storia\\\/#primaryimage\"},\"image\":{\"@id\":\"https:\\\/\\\/hotel-ascona.ch\\\/it\\\/storia\\\/#primaryimage\"},\"thumbnailUrl\":\"https:\\\/\\\/hotel-ascona.ch\\\/wp-content\\\/uploads\\\/2020\\\/11\\\/Line-86.jpg\",\"datePublished\":\"2020-12-01T12:12:50+00:00\",\"dateModified\":\"2025-04-22T14:36:15+00:00\",\"description\":\"Da 116 anni l\u2019Hotel Ascona regala ai propri ospiti esperienze uniche in uno dei luoghi pi\u00f9 affascinanti a Sud della Svizzera e d\u2019Europa.\",\"breadcrumb\":{\"@id\":\"https:\\\/\\\/hotel-ascona.ch\\\/it\\\/storia\\\/#breadcrumb\"},\"inLanguage\":\"it-IT\",\"potentialAction\":[{\"@type\":\"ReadAction\",\"target\":[\"https:\\\/\\\/hotel-ascona.ch\\\/it\\\/storia\\\/\"]}]},{\"@type\":\"ImageObject\",\"inLanguage\":\"it-IT\",\"@id\":\"https:\\\/\\\/hotel-ascona.ch\\\/it\\\/storia\\\/#primaryimage\",\"url\":\"https:\\\/\\\/hotel-ascona.ch\\\/wp-content\\\/uploads\\\/2020\\\/11\\\/Line-86.jpg\",\"contentUrl\":\"https:\\\/\\\/hotel-ascona.ch\\\/wp-content\\\/uploads\\\/2020\\\/11\\\/Line-86.jpg\"},{\"@type\":\"BreadcrumbList\",\"@id\":\"https:\\\/\\\/hotel-ascona.ch\\\/it\\\/storia\\\/#breadcrumb\",\"itemListElement\":[{\"@type\":\"ListItem\",\"position\":1,\"name\":\"Home\",\"item\":\"https:\\\/\\\/hotel-ascona.ch\\\/it\\\/\"},{\"@type\":\"ListItem\",\"position\":2,\"name\":\"Storia\"}]},{\"@type\":\"WebSite\",\"@id\":\"https:\\\/\\\/hotel-ascona.ch\\\/it\\\/#website\",\"url\":\"https:\\\/\\\/hotel-ascona.ch\\\/it\\\/\",\"name\":\"Hotel Ascona\",\"description\":\"Una perla sul Lago Maggiore\",\"potentialAction\":[{\"@type\":\"SearchAction\",\"target\":{\"@type\":\"EntryPoint\",\"urlTemplate\":\"https:\\\/\\\/hotel-ascona.ch\\\/it\\\/?s={search_term_string}\"},\"query-input\":{\"@type\":\"PropertyValueSpecification\",\"valueRequired\":true,\"valueName\":\"search_term_string\"}}],\"inLanguage\":\"it-IT\"}]}<\/script>\n<!-- \/ Yoast SEO plugin. -->","yoast_head_json":{"title":"Storia | Hotel Ascona","description":"Da 116 anni l\u2019Hotel Ascona regala ai propri ospiti esperienze uniche in uno dei luoghi pi\u00f9 affascinanti a Sud della Svizzera e d\u2019Europa.","robots":{"index":"index","follow":"follow","max-snippet":"max-snippet:-1","max-image-preview":"max-image-preview:large","max-video-preview":"max-video-preview:-1"},"canonical":"https:\/\/hotel-ascona.ch\/it\/storia\/","og_locale":"it_IT","og_type":"article","og_title":"Storia | Hotel Ascona","og_description":"Da 116 anni l\u2019Hotel Ascona regala ai propri ospiti esperienze uniche in uno dei luoghi pi\u00f9 affascinanti a Sud della Svizzera e d\u2019Europa.","og_url":"https:\/\/hotel-ascona.ch\/it\/storia\/","og_site_name":"Hotel Ascona","article_modified_time":"2025-04-22T14:36:15+00:00","og_image":[{"width":1,"height":118,"url":"https:\/\/hotel-ascona.ch\/wp-content\/uploads\/2020\/11\/Line-86.jpg","type":"image\/jpeg"}],"twitter_card":"summary_large_image","twitter_misc":{"Tempo di lettura stimato":"5 minuti"},"schema":{"@context":"https:\/\/schema.org","@graph":[{"@type":"WebPage","@id":"https:\/\/hotel-ascona.ch\/it\/storia\/","url":"https:\/\/hotel-ascona.ch\/it\/storia\/","name":"Storia | Hotel Ascona","isPartOf":{"@id":"https:\/\/hotel-ascona.ch\/it\/#website"},"primaryImageOfPage":{"@id":"https:\/\/hotel-ascona.ch\/it\/storia\/#primaryimage"},"image":{"@id":"https:\/\/hotel-ascona.ch\/it\/storia\/#primaryimage"},"thumbnailUrl":"https:\/\/hotel-ascona.ch\/wp-content\/uploads\/2020\/11\/Line-86.jpg","datePublished":"2020-12-01T12:12:50+00:00","dateModified":"2025-04-22T14:36:15+00:00","description":"Da 116 anni l\u2019Hotel Ascona regala ai propri ospiti esperienze uniche in uno dei luoghi pi\u00f9 affascinanti a Sud della Svizzera e d\u2019Europa.","breadcrumb":{"@id":"https:\/\/hotel-ascona.ch\/it\/storia\/#breadcrumb"},"inLanguage":"it-IT","potentialAction":[{"@type":"ReadAction","target":["https:\/\/hotel-ascona.ch\/it\/storia\/"]}]},{"@type":"ImageObject","inLanguage":"it-IT","@id":"https:\/\/hotel-ascona.ch\/it\/storia\/#primaryimage","url":"https:\/\/hotel-ascona.ch\/wp-content\/uploads\/2020\/11\/Line-86.jpg","contentUrl":"https:\/\/hotel-ascona.ch\/wp-content\/uploads\/2020\/11\/Line-86.jpg"},{"@type":"BreadcrumbList","@id":"https:\/\/hotel-ascona.ch\/it\/storia\/#breadcrumb","itemListElement":[{"@type":"ListItem","position":1,"name":"Home","item":"https:\/\/hotel-ascona.ch\/it\/"},{"@type":"ListItem","position":2,"name":"Storia"}]},{"@type":"WebSite","@id":"https:\/\/hotel-ascona.ch\/it\/#website","url":"https:\/\/hotel-ascona.ch\/it\/","name":"Hotel Ascona","description":"Una perla sul Lago Maggiore","potentialAction":[{"@type":"SearchAction","target":{"@type":"EntryPoint","urlTemplate":"https:\/\/hotel-ascona.ch\/it\/?s={search_term_string}"},"query-input":{"@type":"PropertyValueSpecification","valueRequired":true,"valueName":"search_term_string"}}],"inLanguage":"it-IT"}]}},"_links":{"self":[{"href":"https:\/\/hotel-ascona.ch\/it\/wp-json\/wp\/v2\/pages\/3249","targetHints":{"allow":["GET"]}}],"collection":[{"href":"https:\/\/hotel-ascona.ch\/it\/wp-json\/wp\/v2\/pages"}],"about":[{"href":"https:\/\/hotel-ascona.ch\/it\/wp-json\/wp\/v2\/types\/page"}],"author":[{"embeddable":true,"href":"https:\/\/hotel-ascona.ch\/it\/wp-json\/wp\/v2\/users\/2"}],"replies":[{"embeddable":true,"href":"https:\/\/hotel-ascona.ch\/it\/wp-json\/wp\/v2\/comments?post=3249"}],"version-history":[{"count":10,"href":"https:\/\/hotel-ascona.ch\/it\/wp-json\/wp\/v2\/pages\/3249\/revisions"}],"predecessor-version":[{"id":19377,"href":"https:\/\/hotel-ascona.ch\/it\/wp-json\/wp\/v2\/pages\/3249\/revisions\/19377"}],"wp:attachment":[{"href":"https:\/\/hotel-ascona.ch\/it\/wp-json\/wp\/v2\/media?parent=3249"}],"curies":[{"name":"wp","href":"https:\/\/api.w.org\/{rel}","templated":true}]}}