{"id":16934,"date":"2020-12-01T13:12:50","date_gmt":"2020-12-01T12:12:50","guid":{"rendered":"https:\/\/hotel-ascona.ch\/storia\/"},"modified":"2025-04-22T16:39:54","modified_gmt":"2025-04-22T14:39:54","slug":"lhistoire","status":"publish","type":"page","link":"https:\/\/hotel-ascona.ch\/fr\/lhistoire\/","title":{"rendered":"L&rsquo;histoire"},"content":{"rendered":"\t\t<div data-elementor-type=\"wp-page\" data-elementor-id=\"16934\" class=\"elementor elementor-16934\" data-elementor-post-type=\"page\">\n\t\t\t\t\t\t<section class=\"elementor-section elementor-top-section elementor-element elementor-element-278ebab3 elementor-section-full_width elementor-section-height-default elementor-section-height-default qodef-elementor-content-no\" data-id=\"278ebab3\" data-element_type=\"section\" data-e-type=\"section\">\n\t\t\t\t\t\t<div class=\"elementor-container elementor-column-gap-default\">\n\t\t\t\t\t<div class=\"elementor-column elementor-col-50 elementor-top-column elementor-element elementor-element-39eb0c27\" data-id=\"39eb0c27\" data-element_type=\"column\" data-e-type=\"column\">\n\t\t\t<div class=\"elementor-widget-wrap elementor-element-populated\">\n\t\t\t\t\t\t<div class=\"elementor-element elementor-element-f74c20e elementor-widget__width-initial elementor-widget-tablet__width-initial elementor-widget elementor-widget-augustine_core_section_title\" data-id=\"f74c20e\" data-element_type=\"widget\" data-e-type=\"widget\" data-widget_type=\"augustine_core_section_title.default\">\n\t\t\t\t<div class=\"elementor-widget-container\">\n\t\t\t\t\t<div class=\"qodef-shortcode qodef-m qodef-section-title qodef-alignment--left qodef-title-appear qodef-title-alt-appear\">\n\t\t\t\t<h1 class=\"qodef-m-title\" >\n\t\t\t\t\tQui sommes nous \t\t\t<\/h1>\n\t\t<\/div>\t\t\t\t<\/div>\n\t\t\t\t<\/div>\n\t\t\t\t<div class=\"elementor-element elementor-element-4792c852 elementor-widget__width-initial elementor-widget-tablet__width-inherit elementor-widget elementor-widget-text-editor\" data-id=\"4792c852\" data-element_type=\"widget\" data-e-type=\"widget\" data-widget_type=\"text-editor.default\">\n\t\t\t\t<div class=\"elementor-widget-container\">\n\t\t\t\t\t\t\t\t\tL\u2019histoire de l\u2019Hotel Ascona depuis 1906  \t\t\t\t\t\t\t\t<\/div>\n\t\t\t\t<\/div>\n\t\t\t\t<div class=\"elementor-element elementor-element-152713a2 elementor-widget-tablet__width-inherit elementor-widget elementor-widget-text-editor\" data-id=\"152713a2\" data-element_type=\"widget\" data-e-type=\"widget\" data-widget_type=\"text-editor.default\">\n\t\t\t\t<div class=\"elementor-widget-container\">\n\t\t\t\t\t\t\t\t\t<p>Depuis 116 ans, l\u2019Hotel Ascona offre \u00e0 ses clients des exp\u00e9riences uniques dans un des lieux les plus fascinants du Sud de la Suisse et de l\u2019Europe. Entre le moment de la r\u00e9servation et le jour du check-out, nous sommes toujours \u00e0 votre disposition pour satisfaire toutes vos demandes et vos d\u00e9sirs. Nos services personnalisables vous permettront de passer un s\u00e9jour \u00e9panouissant, adapt\u00e9 \u00e0 vos demandes et \u00e0 celles de vos accompagnateurs.<\/p><h5>Les origines<\/h5><p>Vladimir Strastrakaba (1852-1934), un Hongrois admirateur de la pens\u00e9e de L\u00e9on Tolsto\u00ef, arrive \u00e0 Monte Verit\u00e0 en 1906, mais il s\u2019en \u00e9loigne bien vite pour fonder la Pensione Mirtillo dans la demeure qui deviendra en 1938 l\u2019Hotel Ascona. On suppose que Strastrakaba, un p\u00e8re de famille \u00e0 la nombreuse descendance, \u00e9tait peu attir\u00e9 par la libert\u00e9 qui avait cours dans la commune alternative de Monte Verit\u00e0 et qu\u2019il s\u2019en est \u00e9loign\u00e9 pour fonder sa propre communaut\u00e9, plus conforme \u00e0 ses exigences morales. La Pensione Mirtillo servait des plats strictement v\u00e9g\u00e9tariens et suivait un code de conduite reposant sur 12 commandements qui se terminaient par\u202f: \u00ab\u202fDans la Famille du Mirtillo, il faut que tu te sentes comme chez toi, \u00e0 ton aise, que tu te sentes bien, satisfait et sain [\u2026].\u202f\u00bb<\/p><p>\u00c0 l\u2019Hotel Ascona, nous avons conserv\u00e9 la devise de notre pr\u00e9d\u00e9cesseur comme source d\u2019inspiration. Nous nous effor\u00e7ons chaque jour de cr\u00e9er une atmosph\u00e8re chaleureuse et accueillante pour que vous vous sentiez choy\u00e9 et comme chez vous.<\/p>\t\t\t\t\t\t\t\t<\/div>\n\t\t\t\t<\/div>\n\t\t\t\t<div class=\"elementor-element elementor-element-72779ccc elementor-widget elementor-widget-image\" data-id=\"72779ccc\" data-element_type=\"widget\" data-e-type=\"widget\" data-widget_type=\"image.default\">\n\t\t\t\t<div class=\"elementor-widget-container\">\n\t\t\t\t\t\t\t\t\t\t\t\t\t\t\t<img decoding=\"async\" width=\"1\" height=\"118\" src=\"https:\/\/hotel-ascona.ch\/wp-content\/uploads\/2020\/11\/Line-86.jpg\" class=\"attachment-large size-large wp-image-1430\" alt=\"\" \/>\t\t\t\t\t\t\t\t\t\t\t\t\t\t\t<\/div>\n\t\t\t\t<\/div>\n\t\t\t\t\t<\/div>\n\t\t<\/div>\n\t\t\t\t<div class=\"elementor-column elementor-col-50 elementor-top-column elementor-element elementor-element-57b746a5\" data-id=\"57b746a5\" data-element_type=\"column\" data-e-type=\"column\" data-settings=\"{&quot;background_background&quot;:&quot;classic&quot;}\">\n\t\t\t<div class=\"elementor-widget-wrap elementor-element-populated\">\n\t\t\t\t\t\t<div class=\"elementor-element elementor-element-2d4d5912 elementor-widget elementor-widget-spacer\" data-id=\"2d4d5912\" data-element_type=\"widget\" data-e-type=\"widget\" data-widget_type=\"spacer.default\">\n\t\t\t\t<div class=\"elementor-widget-container\">\n\t\t\t\t\t\t\t<div class=\"elementor-spacer\">\n\t\t\t<div class=\"elementor-spacer-inner\"><\/div>\n\t\t<\/div>\n\t\t\t\t\t\t<\/div>\n\t\t\t\t<\/div>\n\t\t\t\t\t<\/div>\n\t\t<\/div>\n\t\t\t\t\t<\/div>\n\t\t<\/section>\n\t\t\t\t<section class=\"elementor-section elementor-top-section elementor-element elementor-element-78d50bac elementor-section-full_width elementor-section-stretched elementor-section-height-default elementor-section-height-default qodef-elementor-content-no\" data-id=\"78d50bac\" data-element_type=\"section\" data-e-type=\"section\" data-settings=\"{&quot;stretch_section&quot;:&quot;section-stretched&quot;}\">\n\t\t\t\t\t\t<div class=\"elementor-container elementor-column-gap-default\">\n\t\t\t\t\t<div class=\"elementor-column elementor-col-100 elementor-top-column elementor-element elementor-element-59c0f143\" data-id=\"59c0f143\" data-element_type=\"column\" data-e-type=\"column\">\n\t\t\t<div class=\"elementor-widget-wrap elementor-element-populated\">\n\t\t\t\t\t\t<div class=\"elementor-element elementor-element-6aa21c8b elementor-arrows-position-outside elementor-widget elementor-widget-image-carousel\" data-id=\"6aa21c8b\" data-element_type=\"widget\" data-e-type=\"widget\" data-settings=\"{&quot;slides_to_show&quot;:&quot;3&quot;,&quot;slides_to_scroll&quot;:&quot;1&quot;,&quot;image_spacing_custom&quot;:{&quot;unit&quot;:&quot;px&quot;,&quot;size&quot;:15,&quot;sizes&quot;:[]},&quot;navigation&quot;:&quot;arrows&quot;,&quot;autoplay&quot;:&quot;yes&quot;,&quot;pause_on_hover&quot;:&quot;yes&quot;,&quot;pause_on_interaction&quot;:&quot;yes&quot;,&quot;autoplay_speed&quot;:5000,&quot;infinite&quot;:&quot;yes&quot;,&quot;speed&quot;:500,&quot;image_spacing_custom_tablet&quot;:{&quot;unit&quot;:&quot;px&quot;,&quot;size&quot;:&quot;&quot;,&quot;sizes&quot;:[]},&quot;image_spacing_custom_mobile&quot;:{&quot;unit&quot;:&quot;px&quot;,&quot;size&quot;:&quot;&quot;,&quot;sizes&quot;:[]}}\" data-widget_type=\"image-carousel.default\">\n\t\t\t\t<div class=\"elementor-widget-container\">\n\t\t\t\t\t\t\t<div class=\"elementor-image-carousel-wrapper swiper\" role=\"region\" aria-roledescription=\"carousel\" aria-label=\"Carosello d&#039;immagini\" dir=\"ltr\">\n\t\t\t<div class=\"elementor-image-carousel swiper-wrapper\" aria-live=\"off\">\n\t\t\t\t\t\t\t\t<div class=\"swiper-slide\" role=\"group\" aria-roledescription=\"slide\" aria-label=\"1 sur 6\"><figure class=\"swiper-slide-inner\"><img decoding=\"async\" class=\"swiper-slide-image\" src=\"https:\/\/hotel-ascona.ch\/wp-content\/uploads\/2022\/11\/hotel-ascona-storia-disegno.jpg\" alt=\"hotel-ascona-storia-disegno\" \/><\/figure><\/div><div class=\"swiper-slide\" role=\"group\" aria-roledescription=\"slide\" aria-label=\"2 sur 6\"><figure class=\"swiper-slide-inner\"><img decoding=\"async\" class=\"swiper-slide-image\" src=\"https:\/\/hotel-ascona.ch\/wp-content\/uploads\/2022\/02\/hotel-ascona-storia-vintage-gallery-01.jpg\" alt=\"hotel-ascona-storia-vintage-gallery-01\" \/><\/figure><\/div><div class=\"swiper-slide\" role=\"group\" aria-roledescription=\"slide\" aria-label=\"3 sur 6\"><figure class=\"swiper-slide-inner\"><img decoding=\"async\" class=\"swiper-slide-image\" src=\"https:\/\/hotel-ascona.ch\/wp-content\/uploads\/2022\/02\/hotel-ascona-storia-vintage-gallery-02.jpg\" alt=\"hotel-ascona-storia-vintage-gallery-02\" \/><\/figure><\/div><div class=\"swiper-slide\" role=\"group\" aria-roledescription=\"slide\" aria-label=\"4 sur 6\"><figure class=\"swiper-slide-inner\"><img decoding=\"async\" class=\"swiper-slide-image\" src=\"https:\/\/hotel-ascona.ch\/wp-content\/uploads\/2022\/02\/hotel-ascona-storia-vintage-gallery-03.jpg\" alt=\"hotel-ascona-storia-vintage-gallery-03\" \/><\/figure><\/div><div class=\"swiper-slide\" role=\"group\" aria-roledescription=\"slide\" aria-label=\"5 sur 6\"><figure class=\"swiper-slide-inner\"><img decoding=\"async\" class=\"swiper-slide-image\" src=\"https:\/\/hotel-ascona.ch\/wp-content\/uploads\/2022\/02\/hotel-ascona-storia-vintage-gallery-04.jpg\" alt=\"hotel-ascona-storia-vintage-gallery-04\" \/><\/figure><\/div><div class=\"swiper-slide\" role=\"group\" aria-roledescription=\"slide\" aria-label=\"6 sur 6\"><figure class=\"swiper-slide-inner\"><img decoding=\"async\" class=\"swiper-slide-image\" src=\"https:\/\/hotel-ascona.ch\/wp-content\/uploads\/2022\/02\/hotel-ascona-storia-vintage-gallery-06.jpg\" alt=\"hotel-ascona-storia-vintage-gallery-06\" \/><\/figure><\/div>\t\t\t<\/div>\n\t\t\t\t\t\t\t\t\t\t\t\t<div class=\"elementor-swiper-button elementor-swiper-button-prev\" role=\"button\" tabindex=\"0\">\n\t\t\t\t\t\t<i aria-hidden=\"true\" class=\"eicon-chevron-left\"><\/i>\t\t\t\t\t<\/div>\n\t\t\t\t\t<div class=\"elementor-swiper-button elementor-swiper-button-next\" role=\"button\" tabindex=\"0\">\n\t\t\t\t\t\t<i aria-hidden=\"true\" class=\"eicon-chevron-right\"><\/i>\t\t\t\t\t<\/div>\n\t\t\t\t\n\t\t\t\t\t\t\t\t\t<\/div>\n\t\t\t\t\t\t<\/div>\n\t\t\t\t<\/div>\n\t\t\t\t\t<\/div>\n\t\t<\/div>\n\t\t\t\t\t<\/div>\n\t\t<\/section>\n\t\t\t\t<section class=\"elementor-section elementor-top-section elementor-element elementor-element-b32d91e elementor-section-boxed elementor-section-height-default elementor-section-height-default qodef-elementor-content-no\" data-id=\"b32d91e\" data-element_type=\"section\" data-e-type=\"section\">\n\t\t\t\t\t\t<div class=\"elementor-container elementor-column-gap-no\">\n\t\t\t\t\t<div class=\"elementor-column elementor-col-50 elementor-top-column elementor-element elementor-element-461486f3\" data-id=\"461486f3\" data-element_type=\"column\" data-e-type=\"column\" data-settings=\"{&quot;background_background&quot;:&quot;classic&quot;}\">\n\t\t\t<div class=\"elementor-widget-wrap elementor-element-populated\">\n\t\t\t\t\t\t<div class=\"elementor-element elementor-element-6b502eba elementor-widget elementor-widget-menu-anchor\" data-id=\"6b502eba\" data-element_type=\"widget\" data-e-type=\"widget\" data-widget_type=\"menu-anchor.default\">\n\t\t\t\t<div class=\"elementor-widget-container\">\n\t\t\t\t\t\t\t<div class=\"elementor-menu-anchor\" id=\"servizi-banchetti-matrimoni\"><\/div>\n\t\t\t\t\t\t<\/div>\n\t\t\t\t<\/div>\n\t\t\t\t<div class=\"elementor-element elementor-element-4b05797a elementor-widget elementor-widget-spacer\" data-id=\"4b05797a\" data-element_type=\"widget\" data-e-type=\"widget\" data-widget_type=\"spacer.default\">\n\t\t\t\t<div class=\"elementor-widget-container\">\n\t\t\t\t\t\t\t<div class=\"elementor-spacer\">\n\t\t\t<div class=\"elementor-spacer-inner\"><\/div>\n\t\t<\/div>\n\t\t\t\t\t\t<\/div>\n\t\t\t\t<\/div>\n\t\t\t\t\t<\/div>\n\t\t<\/div>\n\t\t\t\t<div class=\"elementor-column elementor-col-50 elementor-top-column elementor-element elementor-element-50b69b51\" data-id=\"50b69b51\" data-element_type=\"column\" data-e-type=\"column\">\n\t\t\t<div class=\"elementor-widget-wrap elementor-element-populated\">\n\t\t\t\t\t\t<div class=\"elementor-element elementor-element-ecbfc3d elementor-widget elementor-widget-image\" data-id=\"ecbfc3d\" data-element_type=\"widget\" data-e-type=\"widget\" data-widget_type=\"image.default\">\n\t\t\t\t<div class=\"elementor-widget-container\">\n\t\t\t\t\t\t\t\t\t\t\t\t\t\t\t<img decoding=\"async\" width=\"1\" height=\"118\" src=\"https:\/\/hotel-ascona.ch\/wp-content\/uploads\/2020\/11\/Line-86.jpg\" class=\"attachment-large size-large wp-image-1430\" alt=\"\" \/>\t\t\t\t\t\t\t\t\t\t\t\t\t\t\t<\/div>\n\t\t\t\t<\/div>\n\t\t\t\t<div class=\"elementor-element elementor-element-36d5c27f elementor-widget elementor-widget-heading\" data-id=\"36d5c27f\" data-element_type=\"widget\" data-e-type=\"widget\" data-widget_type=\"heading.default\">\n\t\t\t\t<div class=\"elementor-widget-container\">\n\t\t\t\t\t<h3 class=\"elementor-heading-title elementor-size-default\">Le pr\u00e9sent <\/h3>\t\t\t\t<\/div>\n\t\t\t\t<\/div>\n\t\t\t\t<div class=\"elementor-element elementor-element-6fd9e700 elementor-widget elementor-widget-text-editor\" data-id=\"6fd9e700\" data-element_type=\"widget\" data-e-type=\"widget\" data-widget_type=\"text-editor.default\">\n\t\t\t\t<div class=\"elementor-widget-container\">\n\t\t\t\t\t\t\t\t\t<p>Le directeur Andrea Biasca-Caroni et sa femme Greta repr\u00e9sentent la troisi\u00e8me g\u00e9n\u00e9ration d\u2019une famille qui a toujours g\u00e9r\u00e9 et embelli l\u2019h\u00f4tel avec amour.<\/p><p>Leur objectif est d\u2019offrir aux clients de l\u2019Hotel Ascona une exp\u00e9rience unique et inoubliable\u202f: tout y est soign\u00e9 dans les moindres d\u00e9tails afin d\u2019offrir un maximum de confort et de bien-\u00eatre aux personnes qui choisissent de nous rendre visite. Nous vous attendons avec joie.<\/p>\t\t\t\t\t\t\t\t<\/div>\n\t\t\t\t<\/div>\n\t\t\t\t\t<\/div>\n\t\t<\/div>\n\t\t\t\t\t<\/div>\n\t\t<\/section>\n\t\t\t\t<\/div>\n\t\t","protected":false},"excerpt":{"rendered":"<p>Qui sommes nous L\u2019histoire de l\u2019Hotel Ascona depuis 1906 Depuis 116 ans, l\u2019Hotel Ascona offre \u00e0 ses clients des exp\u00e9riences uniques dans un des lieux les plus fascinants du Sud de la Suisse et de l\u2019Europe. Entre le moment de la r\u00e9servation et le jour du check-out, nous sommes toujours \u00e0 votre disposition pour satisfaire [&hellip;]<\/p>\n","protected":false},"author":2,"featured_media":0,"parent":0,"menu_order":0,"comment_status":"closed","ping_status":"closed","template":"","meta":{"footnotes":""},"class_list":["post-16934","page","type-page","status-publish","hentry"],"yoast_head":"<!-- This site is optimized with the Yoast SEO plugin v27.3 - https:\/\/yoast.com\/product\/yoast-seo-wordpress\/ -->\n<title>L&#039;histoire | Hotel Ascona<\/title>\n<meta name=\"description\" content=\"Depuis 116 ans, l\u2019Hotel Ascona offre \u00e0 ses clients des exp\u00e9riences uniques dans un des lieux les plus fascinants du Sud de la Suisse et de l\u2019Europe.\" \/>\n<meta name=\"robots\" content=\"index, follow, max-snippet:-1, max-image-preview:large, max-video-preview:-1\" \/>\n<link rel=\"canonical\" href=\"https:\/\/hotel-ascona.ch\/it\/storia\/\" \/>\n<meta property=\"og:locale\" content=\"fr_FR\" \/>\n<meta property=\"og:type\" content=\"article\" \/>\n<meta property=\"og:title\" content=\"L&#039;histoire | Hotel Ascona\" \/>\n<meta property=\"og:description\" content=\"Depuis 116 ans, l\u2019Hotel Ascona offre \u00e0 ses clients des exp\u00e9riences uniques dans un des lieux les plus fascinants du Sud de la Suisse et de l\u2019Europe.\" \/>\n<meta property=\"og:url\" content=\"https:\/\/hotel-ascona.ch\/it\/storia\/\" \/>\n<meta property=\"og:site_name\" content=\"Hotel Ascona\" \/>\n<meta property=\"article:modified_time\" content=\"2025-04-22T14:39:54+00:00\" \/>\n<meta property=\"og:image\" content=\"https:\/\/hotel-ascona.ch\/wp-content\/uploads\/2020\/11\/Line-86.jpg\" \/>\n\t<meta property=\"og:image:width\" content=\"1\" \/>\n\t<meta property=\"og:image:height\" content=\"118\" \/>\n\t<meta property=\"og:image:type\" content=\"image\/jpeg\" \/>\n<meta name=\"twitter:card\" content=\"summary_large_image\" \/>\n<meta name=\"twitter:label1\" content=\"Dur\u00e9e de lecture estim\u00e9e\" \/>\n\t<meta name=\"twitter:data1\" content=\"4 minutes\" \/>\n<script type=\"application\/ld+json\" class=\"yoast-schema-graph\">{\"@context\":\"https:\\\/\\\/schema.org\",\"@graph\":[{\"@type\":\"WebPage\",\"@id\":\"https:\\\/\\\/hotel-ascona.ch\\\/it\\\/storia\\\/\",\"url\":\"https:\\\/\\\/hotel-ascona.ch\\\/it\\\/storia\\\/\",\"name\":\"L'histoire | Hotel Ascona\",\"isPartOf\":{\"@id\":\"https:\\\/\\\/hotel-ascona.ch\\\/it\\\/#website\"},\"primaryImageOfPage\":{\"@id\":\"https:\\\/\\\/hotel-ascona.ch\\\/it\\\/storia\\\/#primaryimage\"},\"image\":{\"@id\":\"https:\\\/\\\/hotel-ascona.ch\\\/it\\\/storia\\\/#primaryimage\"},\"thumbnailUrl\":\"https:\\\/\\\/hotel-ascona.ch\\\/wp-content\\\/uploads\\\/2020\\\/11\\\/Line-86.jpg\",\"datePublished\":\"2020-12-01T12:12:50+00:00\",\"dateModified\":\"2025-04-22T14:39:54+00:00\",\"description\":\"Depuis 116 ans, l\u2019Hotel Ascona offre \u00e0 ses clients des exp\u00e9riences uniques dans un des lieux les plus fascinants du Sud de la Suisse et de l\u2019Europe.\",\"breadcrumb\":{\"@id\":\"https:\\\/\\\/hotel-ascona.ch\\\/it\\\/storia\\\/#breadcrumb\"},\"inLanguage\":\"fr-FR\",\"potentialAction\":[{\"@type\":\"ReadAction\",\"target\":[\"https:\\\/\\\/hotel-ascona.ch\\\/it\\\/storia\\\/\"]}]},{\"@type\":\"ImageObject\",\"inLanguage\":\"fr-FR\",\"@id\":\"https:\\\/\\\/hotel-ascona.ch\\\/it\\\/storia\\\/#primaryimage\",\"url\":\"https:\\\/\\\/hotel-ascona.ch\\\/wp-content\\\/uploads\\\/2020\\\/11\\\/Line-86.jpg\",\"contentUrl\":\"https:\\\/\\\/hotel-ascona.ch\\\/wp-content\\\/uploads\\\/2020\\\/11\\\/Line-86.jpg\"},{\"@type\":\"BreadcrumbList\",\"@id\":\"https:\\\/\\\/hotel-ascona.ch\\\/it\\\/storia\\\/#breadcrumb\",\"itemListElement\":[{\"@type\":\"ListItem\",\"position\":1,\"name\":\"Home\",\"item\":\"https:\\\/\\\/hotel-ascona.ch\\\/it\\\/\"},{\"@type\":\"ListItem\",\"position\":2,\"name\":\"L&#8217;histoire\"}]},{\"@type\":\"WebSite\",\"@id\":\"https:\\\/\\\/hotel-ascona.ch\\\/it\\\/#website\",\"url\":\"https:\\\/\\\/hotel-ascona.ch\\\/it\\\/\",\"name\":\"Hotel Ascona\",\"description\":\"Una perla sul Lago Maggiore\",\"potentialAction\":[{\"@type\":\"SearchAction\",\"target\":{\"@type\":\"EntryPoint\",\"urlTemplate\":\"https:\\\/\\\/hotel-ascona.ch\\\/it\\\/?s={search_term_string}\"},\"query-input\":{\"@type\":\"PropertyValueSpecification\",\"valueRequired\":true,\"valueName\":\"search_term_string\"}}],\"inLanguage\":\"fr-FR\"}]}<\/script>\n<!-- \/ Yoast SEO plugin. -->","yoast_head_json":{"title":"L'histoire | Hotel Ascona","description":"Depuis 116 ans, l\u2019Hotel Ascona offre \u00e0 ses clients des exp\u00e9riences uniques dans un des lieux les plus fascinants du Sud de la Suisse et de l\u2019Europe.","robots":{"index":"index","follow":"follow","max-snippet":"max-snippet:-1","max-image-preview":"max-image-preview:large","max-video-preview":"max-video-preview:-1"},"canonical":"https:\/\/hotel-ascona.ch\/it\/storia\/","og_locale":"fr_FR","og_type":"article","og_title":"L'histoire | Hotel Ascona","og_description":"Depuis 116 ans, l\u2019Hotel Ascona offre \u00e0 ses clients des exp\u00e9riences uniques dans un des lieux les plus fascinants du Sud de la Suisse et de l\u2019Europe.","og_url":"https:\/\/hotel-ascona.ch\/it\/storia\/","og_site_name":"Hotel Ascona","article_modified_time":"2025-04-22T14:39:54+00:00","og_image":[{"width":1,"height":118,"url":"https:\/\/hotel-ascona.ch\/wp-content\/uploads\/2020\/11\/Line-86.jpg","type":"image\/jpeg"}],"twitter_card":"summary_large_image","twitter_misc":{"Dur\u00e9e de lecture estim\u00e9e":"4 minutes"},"schema":{"@context":"https:\/\/schema.org","@graph":[{"@type":"WebPage","@id":"https:\/\/hotel-ascona.ch\/it\/storia\/","url":"https:\/\/hotel-ascona.ch\/it\/storia\/","name":"L'histoire | Hotel Ascona","isPartOf":{"@id":"https:\/\/hotel-ascona.ch\/it\/#website"},"primaryImageOfPage":{"@id":"https:\/\/hotel-ascona.ch\/it\/storia\/#primaryimage"},"image":{"@id":"https:\/\/hotel-ascona.ch\/it\/storia\/#primaryimage"},"thumbnailUrl":"https:\/\/hotel-ascona.ch\/wp-content\/uploads\/2020\/11\/Line-86.jpg","datePublished":"2020-12-01T12:12:50+00:00","dateModified":"2025-04-22T14:39:54+00:00","description":"Depuis 116 ans, l\u2019Hotel Ascona offre \u00e0 ses clients des exp\u00e9riences uniques dans un des lieux les plus fascinants du Sud de la Suisse et de l\u2019Europe.","breadcrumb":{"@id":"https:\/\/hotel-ascona.ch\/it\/storia\/#breadcrumb"},"inLanguage":"fr-FR","potentialAction":[{"@type":"ReadAction","target":["https:\/\/hotel-ascona.ch\/it\/storia\/"]}]},{"@type":"ImageObject","inLanguage":"fr-FR","@id":"https:\/\/hotel-ascona.ch\/it\/storia\/#primaryimage","url":"https:\/\/hotel-ascona.ch\/wp-content\/uploads\/2020\/11\/Line-86.jpg","contentUrl":"https:\/\/hotel-ascona.ch\/wp-content\/uploads\/2020\/11\/Line-86.jpg"},{"@type":"BreadcrumbList","@id":"https:\/\/hotel-ascona.ch\/it\/storia\/#breadcrumb","itemListElement":[{"@type":"ListItem","position":1,"name":"Home","item":"https:\/\/hotel-ascona.ch\/it\/"},{"@type":"ListItem","position":2,"name":"L&#8217;histoire"}]},{"@type":"WebSite","@id":"https:\/\/hotel-ascona.ch\/it\/#website","url":"https:\/\/hotel-ascona.ch\/it\/","name":"Hotel Ascona","description":"Una perla sul Lago Maggiore","potentialAction":[{"@type":"SearchAction","target":{"@type":"EntryPoint","urlTemplate":"https:\/\/hotel-ascona.ch\/it\/?s={search_term_string}"},"query-input":{"@type":"PropertyValueSpecification","valueRequired":true,"valueName":"search_term_string"}}],"inLanguage":"fr-FR"}]}},"_links":{"self":[{"href":"https:\/\/hotel-ascona.ch\/fr\/wp-json\/wp\/v2\/pages\/16934","targetHints":{"allow":["GET"]}}],"collection":[{"href":"https:\/\/hotel-ascona.ch\/fr\/wp-json\/wp\/v2\/pages"}],"about":[{"href":"https:\/\/hotel-ascona.ch\/fr\/wp-json\/wp\/v2\/types\/page"}],"author":[{"embeddable":true,"href":"https:\/\/hotel-ascona.ch\/fr\/wp-json\/wp\/v2\/users\/2"}],"replies":[{"embeddable":true,"href":"https:\/\/hotel-ascona.ch\/fr\/wp-json\/wp\/v2\/comments?post=16934"}],"version-history":[{"count":10,"href":"https:\/\/hotel-ascona.ch\/fr\/wp-json\/wp\/v2\/pages\/16934\/revisions"}],"predecessor-version":[{"id":19391,"href":"https:\/\/hotel-ascona.ch\/fr\/wp-json\/wp\/v2\/pages\/16934\/revisions\/19391"}],"wp:attachment":[{"href":"https:\/\/hotel-ascona.ch\/fr\/wp-json\/wp\/v2\/media?parent=16934"}],"curies":[{"name":"wp","href":"https:\/\/api.w.org\/{rel}","templated":true}]}}