{"id":16432,"date":"2020-12-01T15:43:46","date_gmt":"2020-12-01T14:43:46","guid":{"rendered":"https:\/\/hotel-ascona.ch\/contatti\/"},"modified":"2022-12-19T09:49:37","modified_gmt":"2022-12-19T08:49:37","slug":"kontakt","status":"publish","type":"page","link":"https:\/\/hotel-ascona.ch\/de\/kontakt\/","title":{"rendered":"Kontakt"},"content":{"rendered":"\t\t<div data-elementor-type=\"wp-page\" data-elementor-id=\"16432\" class=\"elementor elementor-16432\" data-elementor-post-type=\"page\">\n\t\t\t\t\t\t<section class=\"elementor-section elementor-top-section elementor-element elementor-element-34109da elementor-section-full_width elementor-section-height-default elementor-section-height-default qodef-elementor-content-no\" data-id=\"34109da\" data-element_type=\"section\" data-e-type=\"section\">\n\t\t\t\t\t\t<div class=\"elementor-container elementor-column-gap-default\">\n\t\t\t\t\t<div class=\"elementor-column elementor-col-50 elementor-top-column elementor-element elementor-element-5fb34672\" data-id=\"5fb34672\" data-element_type=\"column\" data-e-type=\"column\">\n\t\t\t<div class=\"elementor-widget-wrap elementor-element-populated\">\n\t\t\t\t\t\t<div class=\"elementor-element elementor-element-b1e3102 elementor-widget__width-initial elementor-widget elementor-widget-augustine_core_section_title\" data-id=\"b1e3102\" data-element_type=\"widget\" data-e-type=\"widget\" data-widget_type=\"augustine_core_section_title.default\">\n\t\t\t\t<div class=\"elementor-widget-container\">\n\t\t\t\t\t<div class=\"qodef-shortcode qodef-m qodef-section-title qodef-alignment--left qodef-title-appear qodef-title-alt-appear\">\n\t\t\t\t<h1 class=\"qodef-m-title\" >\n\t\t\t\t\tKontakt \t\t\t<\/h1>\n\t\t<\/div>\t\t\t\t<\/div>\n\t\t\t\t<\/div>\n\t\t\t\t<section class=\"elementor-section elementor-inner-section elementor-element elementor-element-46c69c79 elementor-section-boxed elementor-section-height-default elementor-section-height-default qodef-elementor-content-no\" data-id=\"46c69c79\" data-element_type=\"section\" data-e-type=\"section\">\n\t\t\t\t\t\t<div class=\"elementor-container elementor-column-gap-default\">\n\t\t\t\t\t<div class=\"elementor-column elementor-col-100 elementor-inner-column elementor-element elementor-element-4bc1b5c\" data-id=\"4bc1b5c\" data-element_type=\"column\" data-e-type=\"column\">\n\t\t\t<div class=\"elementor-widget-wrap elementor-element-populated\">\n\t\t\t\t\t\t<div class=\"elementor-element elementor-element-6fd9c4c elementor-align-start elementor-icon-list--layout-traditional elementor-list-item-link-full_width elementor-widget elementor-widget-icon-list\" data-id=\"6fd9c4c\" data-element_type=\"widget\" data-e-type=\"widget\" data-widget_type=\"icon-list.default\">\n\t\t\t\t<div class=\"elementor-widget-container\">\n\t\t\t\t\t\t\t<ul class=\"elementor-icon-list-items\">\n\t\t\t\t\t\t\t<li class=\"elementor-icon-list-item\">\n\t\t\t\t\t\t\t\t\t\t<span class=\"elementor-icon-list-text\">Hotel Ascona<\/span>\n\t\t\t\t\t\t\t\t\t<\/li>\n\t\t\t\t\t\t\t\t<li class=\"elementor-icon-list-item\">\n\t\t\t\t\t\t\t\t\t\t<span class=\"elementor-icon-list-text\">Via Signor in Croce 1<\/span>\n\t\t\t\t\t\t\t\t\t<\/li>\n\t\t\t\t\t\t\t\t<li class=\"elementor-icon-list-item\">\n\t\t\t\t\t\t\t\t\t\t<span class=\"elementor-icon-list-text\">6612 Ascona \u2013 Svizzera<\/span>\n\t\t\t\t\t\t\t\t\t<\/li>\n\t\t\t\t\t\t<\/ul>\n\t\t\t\t\t\t<\/div>\n\t\t\t\t<\/div>\n\t\t\t\t<div class=\"elementor-element elementor-element-73fe7e1 elementor-align-start elementor-icon-list--layout-traditional elementor-list-item-link-full_width elementor-widget elementor-widget-icon-list\" data-id=\"73fe7e1\" data-element_type=\"widget\" data-e-type=\"widget\" data-widget_type=\"icon-list.default\">\n\t\t\t\t<div class=\"elementor-widget-container\">\n\t\t\t\t\t\t\t<ul class=\"elementor-icon-list-items\">\n\t\t\t\t\t\t\t<li class=\"elementor-icon-list-item\">\n\t\t\t\t\t\t\t\t\t\t\t<span class=\"elementor-icon-list-icon\">\n\t\t\t\t\t\t\t<i aria-hidden=\"true\" class=\"fas fa-map-marked-alt\"><\/i>\t\t\t\t\t\t<\/span>\n\t\t\t\t\t\t\t\t\t\t<span class=\"elementor-icon-list-text\">GPS (Swissgrid): 702 821\/112 848<\/span>\n\t\t\t\t\t\t\t\t\t<\/li>\n\t\t\t\t\t\t<\/ul>\n\t\t\t\t\t\t<\/div>\n\t\t\t\t<\/div>\n\t\t\t\t<div class=\"elementor-element elementor-element-92a093d elementor-align-start elementor-icon-list--layout-traditional elementor-list-item-link-full_width elementor-widget elementor-widget-icon-list\" data-id=\"92a093d\" data-element_type=\"widget\" data-e-type=\"widget\" data-widget_type=\"icon-list.default\">\n\t\t\t\t<div class=\"elementor-widget-container\">\n\t\t\t\t\t\t\t<ul class=\"elementor-icon-list-items\">\n\t\t\t\t\t\t\t<li class=\"elementor-icon-list-item\">\n\t\t\t\t\t\t\t\t\t\t\t<a href=\"tel:0041917851515\">\n\n\t\t\t\t\t\t\t\t\t\t\t\t<span class=\"elementor-icon-list-icon\">\n\t\t\t\t\t\t\t<i aria-hidden=\"true\" class=\"fas fa-phone-square-alt\"><\/i>\t\t\t\t\t\t<\/span>\n\t\t\t\t\t\t\t\t\t\t<span class=\"elementor-icon-list-text\">Tel: +41 (0) 91 785 15 15<\/span>\n\t\t\t\t\t\t\t\t\t\t\t<\/a>\n\t\t\t\t\t\t\t\t\t<\/li>\n\t\t\t\t\t\t\t\t<li class=\"elementor-icon-list-item\">\n\t\t\t\t\t\t\t\t\t\t\t<a href=\"fax:0041917851530\">\n\n\t\t\t\t\t\t\t\t\t\t\t\t<span class=\"elementor-icon-list-icon\">\n\t\t\t\t\t\t\t<i aria-hidden=\"true\" class=\"fas fa-fax\"><\/i>\t\t\t\t\t\t<\/span>\n\t\t\t\t\t\t\t\t\t\t<span class=\"elementor-icon-list-text\">Fax: +41 (0) 91 785 15 30<\/span>\n\t\t\t\t\t\t\t\t\t\t\t<\/a>\n\t\t\t\t\t\t\t\t\t<\/li>\n\t\t\t\t\t\t\t\t<li class=\"elementor-icon-list-item\">\n\t\t\t\t\t\t\t\t\t\t\t<a href=\"https:\/\/wa.me\/+41766044352\" target=\"_blank\">\n\n\t\t\t\t\t\t\t\t\t\t\t\t<span class=\"elementor-icon-list-icon\">\n\t\t\t\t\t\t\t<i aria-hidden=\"true\" class=\"fab fa-whatsapp\"><\/i>\t\t\t\t\t\t<\/span>\n\t\t\t\t\t\t\t\t\t\t<span class=\"elementor-icon-list-text\">WhatsApp Chat &amp; Booking<\/span>\n\t\t\t\t\t\t\t\t\t\t\t<\/a>\n\t\t\t\t\t\t\t\t\t<\/li>\n\t\t\t\t\t\t<\/ul>\n\t\t\t\t\t\t<\/div>\n\t\t\t\t<\/div>\n\t\t\t\t<div class=\"elementor-element elementor-element-44c9dc8 elementor-align-start elementor-icon-list--layout-traditional elementor-list-item-link-full_width elementor-widget elementor-widget-icon-list\" data-id=\"44c9dc8\" data-element_type=\"widget\" data-e-type=\"widget\" data-widget_type=\"icon-list.default\">\n\t\t\t\t<div class=\"elementor-widget-container\">\n\t\t\t\t\t\t\t<ul class=\"elementor-icon-list-items\">\n\t\t\t\t\t\t\t<li class=\"elementor-icon-list-item\">\n\t\t\t\t\t\t\t\t\t\t\t<a href=\"mailto:booking@hotel-ascona.ch\">\n\n\t\t\t\t\t\t\t\t\t\t\t\t<span class=\"elementor-icon-list-icon\">\n\t\t\t\t\t\t\t<i aria-hidden=\"true\" class=\"fas fa-envelope-open-text\"><\/i>\t\t\t\t\t\t<\/span>\n\t\t\t\t\t\t\t\t\t\t<span class=\"elementor-icon-list-text\">booking@hotel-ascona.ch<\/span>\n\t\t\t\t\t\t\t\t\t\t\t<\/a>\n\t\t\t\t\t\t\t\t\t<\/li>\n\t\t\t\t\t\t<\/ul>\n\t\t\t\t\t\t<\/div>\n\t\t\t\t<\/div>\n\t\t\t\t\t<\/div>\n\t\t<\/div>\n\t\t\t\t\t<\/div>\n\t\t<\/section>\n\t\t\t\t\t<\/div>\n\t\t<\/div>\n\t\t\t\t<div class=\"elementor-column elementor-col-50 elementor-top-column elementor-element elementor-element-7096012b\" data-id=\"7096012b\" data-element_type=\"column\" data-e-type=\"column\" data-settings=\"{&quot;background_background&quot;:&quot;classic&quot;}\">\n\t\t\t<div class=\"elementor-widget-wrap elementor-element-populated\">\n\t\t\t\t\t\t<div class=\"elementor-element elementor-element-8f9231f elementor-widget elementor-widget-spacer\" data-id=\"8f9231f\" data-element_type=\"widget\" data-e-type=\"widget\" data-widget_type=\"spacer.default\">\n\t\t\t\t<div class=\"elementor-widget-container\">\n\t\t\t\t\t\t\t<div class=\"elementor-spacer\">\n\t\t\t<div class=\"elementor-spacer-inner\"><\/div>\n\t\t<\/div>\n\t\t\t\t\t\t<\/div>\n\t\t\t\t<\/div>\n\t\t\t\t\t<\/div>\n\t\t<\/div>\n\t\t\t\t\t<\/div>\n\t\t<\/section>\n\t\t\t\t<section class=\"elementor-section elementor-top-section elementor-element elementor-element-691485a elementor-section-full_width elementor-section-height-default elementor-section-height-default qodef-elementor-content-no\" data-id=\"691485a\" data-element_type=\"section\" data-e-type=\"section\">\n\t\t\t\t\t\t<div class=\"elementor-container elementor-column-gap-default\">\n\t\t\t\t\t<div class=\"elementor-column elementor-col-100 elementor-top-column elementor-element elementor-element-7325151c\" data-id=\"7325151c\" data-element_type=\"column\" data-e-type=\"column\">\n\t\t\t<div class=\"elementor-widget-wrap elementor-element-populated\">\n\t\t\t\t\t\t<div class=\"elementor-element elementor-element-1bc282bc elementor-widget elementor-widget-google_maps\" data-id=\"1bc282bc\" data-element_type=\"widget\" data-e-type=\"widget\" data-widget_type=\"google_maps.default\">\n\t\t\t\t<div class=\"elementor-widget-container\">\n\t\t\t\t\t\t\t<div class=\"elementor-custom-embed\">\n\t\t\t<iframe loading=\"lazy\"\n\t\t\t\t\tsrc=\"https:\/\/maps.google.com\/maps?q=Hotel%20Ascona%2C%20Via%20Signor%20in%20Croce%201%2C%206612%20Ascona%2C%20Svizzera&#038;t=m&#038;z=15&#038;output=embed&#038;iwloc=near\"\n\t\t\t\t\ttitle=\"Hotel Ascona, Via Signor in Croce 1, 6612 Ascona, Svizzera\"\n\t\t\t\t\taria-label=\"Hotel Ascona, Via Signor in Croce 1, 6612 Ascona, Svizzera\"\n\t\t\t><\/iframe>\n\t\t<\/div>\n\t\t\t\t\t\t<\/div>\n\t\t\t\t<\/div>\n\t\t\t\t\t<\/div>\n\t\t<\/div>\n\t\t\t\t\t<\/div>\n\t\t<\/section>\n\t\t\t\t<section class=\"elementor-section elementor-top-section elementor-element elementor-element-3714a095 qodef-elementor-content-grid elementor-section-boxed elementor-section-height-default elementor-section-height-default\" data-id=\"3714a095\" data-element_type=\"section\" data-e-type=\"section\">\n\t\t\t\t\t\t<div class=\"elementor-container elementor-column-gap-default\">\n\t\t\t\t\t<div class=\"elementor-column elementor-col-100 elementor-top-column elementor-element elementor-element-3b450554\" data-id=\"3b450554\" data-element_type=\"column\" data-e-type=\"column\">\n\t\t\t<div class=\"elementor-widget-wrap elementor-element-populated\">\n\t\t\t\t\t\t<div class=\"elementor-element elementor-element-c365b78 elementor-widget elementor-widget-text-editor\" data-id=\"c365b78\" data-element_type=\"widget\" data-e-type=\"widget\" data-widget_type=\"text-editor.default\">\n\t\t\t\t<div class=\"elementor-widget-container\">\n\t\t\t\t\t\t\t\t\t<h3>Unsere Position<\/h3>\nDas Hotel befindet sich in Ascona, im Kanton Tessin, Schweiz, mitten im Gr\u00fcn am ber\u00fchmten H\u00fcgel Monte Verit\u00e0, nur wenige Schritte von der Seepromenade und dem Dorfkern entfernt. Das Haus bietet einen herrlichen Blick auf den Lago Maggiore und ist umgeben vom Gr\u00fcn seines Parks mit subtropischer Vegetation.\n<h6>Anfahrt<\/h6>\nDas Hotel Ascona ist von der Autobahn, vom Bahnhof Locarno (etwa 3 km) und von den wichtigsten Flugh\u00e4fen der Schweiz und Italiens aus leicht zu erreichen. Z\u00fcrich, Mailand Malpensa und Lugano Agno sind die n\u00e4chstgelegenen Flugh\u00e4fen. Auch die Flugh\u00e4fen von Mailand Linate und Bergamo Orio al Serio sind als Zielorte m\u00f6glich. Mit dem Auto liegt das Hotel etwa 2 Stunden 45 Minuten von Z\u00fcrich entfernt, 1 Stunde 50 Minuten von Mailand Malpensa und 55 Minuten von Lugano. Bei Anreise mit dem Zug f\u00e4hrt man vom Bahnhof Locarno mit der Buslinie 1 und steigt bei der Post in Ancona aus. Auf Anfrage steht der Shuttleservice des Hotels zur Verf\u00fcgung.\u200b \t\t\t\t\t\t\t\t<\/div>\n\t\t\t\t<\/div>\n\t\t\t\t\t<\/div>\n\t\t<\/div>\n\t\t\t\t\t<\/div>\n\t\t<\/section>\n\t\t\t\t<\/div>\n\t\t","protected":false},"excerpt":{"rendered":"<p>Kontakt Hotel Ascona Via Signor in Croce 1 6612 Ascona \u2013 Svizzera GPS (Swissgrid): 702 821\/112 848 Tel: +41 (0) 91 785 15 15 Fax: +41 (0) 91 785 15 30 WhatsApp Chat &#038; Booking booking@hotel-ascona.ch Unsere Position Das Hotel befindet sich in Ascona, im Kanton Tessin, Schweiz, mitten im Gr\u00fcn am ber\u00fchmten H\u00fcgel Monte [&hellip;]<\/p>\n","protected":false},"author":2,"featured_media":0,"parent":0,"menu_order":0,"comment_status":"closed","ping_status":"closed","template":"page-full-width.php","meta":{"footnotes":""},"class_list":["post-16432","page","type-page","status-publish","hentry"],"yoast_head":"<!-- This site is optimized with the Yoast SEO plugin v27.3 - https:\/\/yoast.com\/product\/yoast-seo-wordpress\/ -->\n<title>Kontakt | Hotel Ascona<\/title>\n<meta name=\"description\" content=\"Hotel Ascona Via Signor in Croce 1 6612 Ascona \u2013 Svizzera\" \/>\n<meta name=\"robots\" content=\"index, follow, max-snippet:-1, max-image-preview:large, max-video-preview:-1\" \/>\n<link rel=\"canonical\" href=\"https:\/\/hotel-ascona.ch\/it\/contatti\/\" \/>\n<meta property=\"og:locale\" content=\"de_DE\" \/>\n<meta property=\"og:type\" content=\"article\" \/>\n<meta property=\"og:title\" content=\"Kontakt | Hotel Ascona\" \/>\n<meta property=\"og:description\" content=\"Hotel Ascona Via Signor in Croce 1 6612 Ascona \u2013 Svizzera\" \/>\n<meta property=\"og:url\" content=\"https:\/\/hotel-ascona.ch\/it\/contatti\/\" \/>\n<meta property=\"og:site_name\" content=\"Hotel Ascona\" \/>\n<meta property=\"article:modified_time\" content=\"2022-12-19T08:49:37+00:00\" \/>\n<meta name=\"twitter:card\" content=\"summary_large_image\" \/>\n<meta name=\"twitter:label1\" content=\"Gesch\u00e4tzte Lesezeit\" \/>\n\t<meta name=\"twitter:data1\" content=\"2\u00a0Minuten\" \/>\n<script type=\"application\/ld+json\" class=\"yoast-schema-graph\">{\"@context\":\"https:\\\/\\\/schema.org\",\"@graph\":[{\"@type\":\"WebPage\",\"@id\":\"https:\\\/\\\/hotel-ascona.ch\\\/it\\\/contatti\\\/\",\"url\":\"https:\\\/\\\/hotel-ascona.ch\\\/it\\\/contatti\\\/\",\"name\":\"Kontakt | Hotel Ascona\",\"isPartOf\":{\"@id\":\"https:\\\/\\\/hotel-ascona.ch\\\/it\\\/#website\"},\"datePublished\":\"2020-12-01T14:43:46+00:00\",\"dateModified\":\"2022-12-19T08:49:37+00:00\",\"description\":\"Hotel Ascona Via Signor in Croce 1 6612 Ascona \u2013 Svizzera\",\"breadcrumb\":{\"@id\":\"https:\\\/\\\/hotel-ascona.ch\\\/it\\\/contatti\\\/#breadcrumb\"},\"inLanguage\":\"de\",\"potentialAction\":[{\"@type\":\"ReadAction\",\"target\":[\"https:\\\/\\\/hotel-ascona.ch\\\/it\\\/contatti\\\/\"]}]},{\"@type\":\"BreadcrumbList\",\"@id\":\"https:\\\/\\\/hotel-ascona.ch\\\/it\\\/contatti\\\/#breadcrumb\",\"itemListElement\":[{\"@type\":\"ListItem\",\"position\":1,\"name\":\"Home\",\"item\":\"https:\\\/\\\/hotel-ascona.ch\\\/it\\\/\"},{\"@type\":\"ListItem\",\"position\":2,\"name\":\"Kontakt\"}]},{\"@type\":\"WebSite\",\"@id\":\"https:\\\/\\\/hotel-ascona.ch\\\/it\\\/#website\",\"url\":\"https:\\\/\\\/hotel-ascona.ch\\\/it\\\/\",\"name\":\"Hotel Ascona\",\"description\":\"Una perla sul Lago Maggiore\",\"potentialAction\":[{\"@type\":\"SearchAction\",\"target\":{\"@type\":\"EntryPoint\",\"urlTemplate\":\"https:\\\/\\\/hotel-ascona.ch\\\/it\\\/?s={search_term_string}\"},\"query-input\":{\"@type\":\"PropertyValueSpecification\",\"valueRequired\":true,\"valueName\":\"search_term_string\"}}],\"inLanguage\":\"de\"}]}<\/script>\n<!-- \/ Yoast SEO plugin. -->","yoast_head_json":{"title":"Kontakt | Hotel Ascona","description":"Hotel Ascona Via Signor in Croce 1 6612 Ascona \u2013 Svizzera","robots":{"index":"index","follow":"follow","max-snippet":"max-snippet:-1","max-image-preview":"max-image-preview:large","max-video-preview":"max-video-preview:-1"},"canonical":"https:\/\/hotel-ascona.ch\/it\/contatti\/","og_locale":"de_DE","og_type":"article","og_title":"Kontakt | Hotel Ascona","og_description":"Hotel Ascona Via Signor in Croce 1 6612 Ascona \u2013 Svizzera","og_url":"https:\/\/hotel-ascona.ch\/it\/contatti\/","og_site_name":"Hotel Ascona","article_modified_time":"2022-12-19T08:49:37+00:00","twitter_card":"summary_large_image","twitter_misc":{"Gesch\u00e4tzte Lesezeit":"2\u00a0Minuten"},"schema":{"@context":"https:\/\/schema.org","@graph":[{"@type":"WebPage","@id":"https:\/\/hotel-ascona.ch\/it\/contatti\/","url":"https:\/\/hotel-ascona.ch\/it\/contatti\/","name":"Kontakt | Hotel Ascona","isPartOf":{"@id":"https:\/\/hotel-ascona.ch\/it\/#website"},"datePublished":"2020-12-01T14:43:46+00:00","dateModified":"2022-12-19T08:49:37+00:00","description":"Hotel Ascona Via Signor in Croce 1 6612 Ascona \u2013 Svizzera","breadcrumb":{"@id":"https:\/\/hotel-ascona.ch\/it\/contatti\/#breadcrumb"},"inLanguage":"de","potentialAction":[{"@type":"ReadAction","target":["https:\/\/hotel-ascona.ch\/it\/contatti\/"]}]},{"@type":"BreadcrumbList","@id":"https:\/\/hotel-ascona.ch\/it\/contatti\/#breadcrumb","itemListElement":[{"@type":"ListItem","position":1,"name":"Home","item":"https:\/\/hotel-ascona.ch\/it\/"},{"@type":"ListItem","position":2,"name":"Kontakt"}]},{"@type":"WebSite","@id":"https:\/\/hotel-ascona.ch\/it\/#website","url":"https:\/\/hotel-ascona.ch\/it\/","name":"Hotel Ascona","description":"Una perla sul Lago Maggiore","potentialAction":[{"@type":"SearchAction","target":{"@type":"EntryPoint","urlTemplate":"https:\/\/hotel-ascona.ch\/it\/?s={search_term_string}"},"query-input":{"@type":"PropertyValueSpecification","valueRequired":true,"valueName":"search_term_string"}}],"inLanguage":"de"}]}},"_links":{"self":[{"href":"https:\/\/hotel-ascona.ch\/de\/wp-json\/wp\/v2\/pages\/16432","targetHints":{"allow":["GET"]}}],"collection":[{"href":"https:\/\/hotel-ascona.ch\/de\/wp-json\/wp\/v2\/pages"}],"about":[{"href":"https:\/\/hotel-ascona.ch\/de\/wp-json\/wp\/v2\/types\/page"}],"author":[{"embeddable":true,"href":"https:\/\/hotel-ascona.ch\/de\/wp-json\/wp\/v2\/users\/2"}],"replies":[{"embeddable":true,"href":"https:\/\/hotel-ascona.ch\/de\/wp-json\/wp\/v2\/comments?post=16432"}],"version-history":[{"count":8,"href":"https:\/\/hotel-ascona.ch\/de\/wp-json\/wp\/v2\/pages\/16432\/revisions"}],"predecessor-version":[{"id":18076,"href":"https:\/\/hotel-ascona.ch\/de\/wp-json\/wp\/v2\/pages\/16432\/revisions\/18076"}],"wp:attachment":[{"href":"https:\/\/hotel-ascona.ch\/de\/wp-json\/wp\/v2\/media?parent=16432"}],"curies":[{"name":"wp","href":"https:\/\/api.w.org\/{rel}","templated":true}]}}